{"id":20,"date":"2018-05-20T02:00:16","date_gmt":"2018-05-20T02:00:16","guid":{"rendered":"http:\/\/cyrillegirard.com\/en\/?page_id=20"},"modified":"2026-02-07T19:54:22","modified_gmt":"2026-02-07T19:54:22","slug":"contact","status":"publish","type":"page","link":"https:\/\/cyrillegirard.com\/fr\/contact\/","title":{"rendered":"Contact"},"content":{"rendered":"<p>Pour Cyrille, l&rsquo;immobilier s&rsquo;est av\u00e9r\u00e9 le lien entre son parcours universitaire, son exp\u00e9rience au CCA, et le monde de la finance. La repr\u00e9sentation, la pr\u00e9paration, la n\u00e9gociation et bien-s\u00fbr la satisfaction sont autant de motifs et de capacit\u00e9s qui le poussent au d\u00e9passement pour une client\u00e8le de tr\u00e8s haut niveau. Ces d\u00e9sirs de cr\u00e9ation, de d\u00e9passement, de mettre en contact correspondent \u00e0 la valeur des attentes de sa client\u00e8le, pour chacune de ses transactions immobili\u00e8res initi\u00e9es. La capacit\u00e9 de repr\u00e9sentation de Cyrille aupr\u00e8s des clients vendeurs et\/ou acheteurs est fond\u00e9e sur un parcours personnel et professionnel solide et surtout tr\u00e8s adapt\u00e9 pour le domaine de l&rsquo;immobilier.<\/p>\n<p>Cyrille a commenc\u00e9 sa carri\u00e8re dans l\u2019immobilier de luxe et a rapidement su cr\u00e9er un portfolio de propri\u00e9t\u00e9s extraordinaires sises \u00e0 travers la province. Au fil des ans, Cyrille a non seulement repr\u00e9sent\u00e9 des demeures d\u2019exception, mais aussi une client\u00e8le diverse de vendeurs et d\u2019acheteurs locaux comme nationaux. Il s\u2019est av\u00e9r\u00e9 un sp\u00e9cialiste dans la vente des condos de luxe en vendant des projets haut de gamme tels le Sir George Simpson dans le Mille carr\u00e9 dor\u00e9 et le Four Seasons R\u00e9sidences Priv\u00e9es Montr\u00e9al au centre-ville. Il va sans dire, gr\u00e2ce \u00e0 son expertise, \u00e0 ses connaissances et \u00e0 son exp\u00e9rience, Cyrille s\u2019est forg\u00e9 une place bien m\u00e9rit\u00e9e dans ce cr\u00e9neau pointu de l\u2019immobilier \u00e0 Montr\u00e9al.<\/p>\n<p>Bachelier et d\u00e9tenteur de deux ma\u00eetrises universitaires (urbanisme et \u00e9conomie) sa premi\u00e8re exp\u00e9rience professionnelle a eu lieu au mondialement r\u00e9put\u00e9 centre d&rsquo;\u00e9tudes et mus\u00e9e, le Centre Canadien d&rsquo;Architecture (CCA). Le CCA, fond\u00e9 par Phyllis Lambert, s&rsquo;est pr\u00e9sent\u00e9 \u00e0\u02c6Cyrille apr\u00e8s un s\u00e9jour universitaire \u00e0\u02c6titre de laur\u00e9at d&rsquo;un concours international au Graduate School of Design de la c\u00e9l\u00e8bre Universit\u00e9 Harvard | Cambridge aux \u00c9tats-Unis. Du m\u00e9c\u00e9nat, il est all\u00e9 vers le monde de la finance \u00e0\u02c6 la banque TD Canada Trust \u00e0\u02c6 titre de gestionnaire de portefeuilles principalement pendant plusieurs ann\u00e9es.<\/p>","protected":false},"excerpt":{"rendered":"<p>Pour Cyrille, l&rsquo;immobilier s&rsquo;est av\u00e9r\u00e9 le lien entre son parcours universitaire, son exp\u00e9rience au CCA, et le monde de la finance. La repr\u00e9sentation, la pr\u00e9paration, la n\u00e9gociation et bien-s\u00fbr la satisfaction sont autant de motifs et de capacit\u00e9s qui le poussent au d\u00e9passement pour une client\u00e8le de tr\u00e8s haut niveau. Ces d\u00e9sirs de cr\u00e9ation, de [&hellip;]<\/p>\n","protected":false},"author":1,"featured_media":0,"parent":0,"menu_order":0,"comment_status":"closed","ping_status":"closed","template":"contact.php","meta":{"footnotes":""},"class_list":["post-20","page","type-page","status-publish","hentry"],"yoast_head":"<!-- This site is optimized with the Yoast SEO plugin v26.9 - https:\/\/yoast.com\/product\/yoast-seo-wordpress\/ -->\n<title>Contact - Cyrille Girard<\/title>\n<meta name=\"robots\" content=\"index, follow, max-snippet:-1, max-image-preview:large, max-video-preview:-1\" \/>\n<link rel=\"canonical\" href=\"http:\/\/cyrillegirard.com\/fr\/contact\/\" \/>\n<meta property=\"og:locale\" content=\"fr_FR\" \/>\n<meta property=\"og:type\" content=\"article\" \/>\n<meta property=\"og:title\" content=\"Contact - Cyrille Girard\" \/>\n<meta property=\"og:description\" content=\"Pour Cyrille, l&rsquo;immobilier s&rsquo;est av\u00e9r\u00e9 le lien entre son parcours universitaire, son exp\u00e9rience au CCA, et le monde de la finance. La repr\u00e9sentation, la pr\u00e9paration, la n\u00e9gociation et bien-s\u00fbr la satisfaction sont autant de motifs et de capacit\u00e9s qui le poussent au d\u00e9passement pour une client\u00e8le de tr\u00e8s haut niveau. Ces d\u00e9sirs de cr\u00e9ation, de [&hellip;]\" \/>\n<meta property=\"og:url\" content=\"http:\/\/cyrillegirard.com\/fr\/contact\/\" \/>\n<meta property=\"og:site_name\" content=\"Cyrille Girard\" \/>\n<meta property=\"article:modified_time\" content=\"2026-02-07T19:54:22+00:00\" \/>\n<meta name=\"twitter:card\" content=\"summary_large_image\" \/>\n<meta name=\"twitter:label1\" content=\"Dur\u00e9e de lecture estim\u00e9e\" \/>\n\t<meta name=\"twitter:data1\" content=\"2 minutes\" \/>\n<script type=\"application\/ld+json\" class=\"yoast-schema-graph\">{\"@context\":\"https:\/\/schema.org\",\"@graph\":[{\"@type\":\"WebPage\",\"@id\":\"http:\/\/cyrillegirard.com\/fr\/contact\/\",\"url\":\"http:\/\/cyrillegirard.com\/fr\/contact\/\",\"name\":\"Contact - Cyrille Girard\",\"isPartOf\":{\"@id\":\"https:\/\/cyrillegirard.com\/fr\/#website\"},\"datePublished\":\"2018-05-20T02:00:16+00:00\",\"dateModified\":\"2026-02-07T19:54:22+00:00\",\"breadcrumb\":{\"@id\":\"http:\/\/cyrillegirard.com\/fr\/contact\/#breadcrumb\"},\"inLanguage\":\"fr-FR\",\"potentialAction\":[{\"@type\":\"ReadAction\",\"target\":[[\"http:\/\/cyrillegirard.com\/fr\/contact\/\"]]}]},{\"@type\":\"BreadcrumbList\",\"@id\":\"http:\/\/cyrillegirard.com\/fr\/contact\/#breadcrumb\",\"itemListElement\":[{\"@type\":\"ListItem\",\"position\":1,\"name\":\"Home\",\"item\":\"https:\/\/cyrillegirard.com\/fr\/\"},{\"@type\":\"ListItem\",\"position\":2,\"name\":\"Contact\"}]},{\"@type\":\"WebSite\",\"@id\":\"https:\/\/cyrillegirard.com\/fr\/#website\",\"url\":\"https:\/\/cyrillegirard.com\/fr\/\",\"name\":\"Cyrille Girard\",\"description\":\"\",\"potentialAction\":[{\"@type\":\"SearchAction\",\"target\":{\"@type\":\"EntryPoint\",\"urlTemplate\":\"https:\/\/cyrillegirard.com\/fr\/?s={search_term_string}\"},\"query-input\":{\"@type\":\"PropertyValueSpecification\",\"valueRequired\":true,\"valueName\":\"search_term_string\"}}],\"inLanguage\":\"fr-FR\"}]}<\/script>\n<!-- \/ Yoast SEO plugin. -->","yoast_head_json":{"title":"Contact - Cyrille Girard","robots":{"index":"index","follow":"follow","max-snippet":"max-snippet:-1","max-image-preview":"max-image-preview:large","max-video-preview":"max-video-preview:-1"},"canonical":"http:\/\/cyrillegirard.com\/fr\/contact\/","og_locale":"fr_FR","og_type":"article","og_title":"Contact - Cyrille Girard","og_description":"Pour Cyrille, l&rsquo;immobilier s&rsquo;est av\u00e9r\u00e9 le lien entre son parcours universitaire, son exp\u00e9rience au CCA, et le monde de la finance. La repr\u00e9sentation, la pr\u00e9paration, la n\u00e9gociation et bien-s\u00fbr la satisfaction sont autant de motifs et de capacit\u00e9s qui le poussent au d\u00e9passement pour une client\u00e8le de tr\u00e8s haut niveau. Ces d\u00e9sirs de cr\u00e9ation, de [&hellip;]","og_url":"http:\/\/cyrillegirard.com\/fr\/contact\/","og_site_name":"Cyrille Girard","article_modified_time":"2026-02-07T19:54:22+00:00","twitter_card":"summary_large_image","twitter_misc":{"Dur\u00e9e de lecture estim\u00e9e":"2 minutes"},"schema":{"@context":"https:\/\/schema.org","@graph":[{"@type":"WebPage","@id":"http:\/\/cyrillegirard.com\/fr\/contact\/","url":"http:\/\/cyrillegirard.com\/fr\/contact\/","name":"Contact - Cyrille Girard","isPartOf":{"@id":"https:\/\/cyrillegirard.com\/fr\/#website"},"datePublished":"2018-05-20T02:00:16+00:00","dateModified":"2026-02-07T19:54:22+00:00","breadcrumb":{"@id":"http:\/\/cyrillegirard.com\/fr\/contact\/#breadcrumb"},"inLanguage":"fr-FR","potentialAction":[{"@type":"ReadAction","target":[["http:\/\/cyrillegirard.com\/fr\/contact\/"]]}]},{"@type":"BreadcrumbList","@id":"http:\/\/cyrillegirard.com\/fr\/contact\/#breadcrumb","itemListElement":[{"@type":"ListItem","position":1,"name":"Home","item":"https:\/\/cyrillegirard.com\/fr\/"},{"@type":"ListItem","position":2,"name":"Contact"}]},{"@type":"WebSite","@id":"https:\/\/cyrillegirard.com\/fr\/#website","url":"https:\/\/cyrillegirard.com\/fr\/","name":"Cyrille Girard","description":"","potentialAction":[{"@type":"SearchAction","target":{"@type":"EntryPoint","urlTemplate":"https:\/\/cyrillegirard.com\/fr\/?s={search_term_string}"},"query-input":{"@type":"PropertyValueSpecification","valueRequired":true,"valueName":"search_term_string"}}],"inLanguage":"fr-FR"}]}},"_links":{"self":[{"href":"https:\/\/cyrillegirard.com\/fr\/wp-json\/wp\/v2\/pages\/20","targetHints":{"allow":["GET"]}}],"collection":[{"href":"https:\/\/cyrillegirard.com\/fr\/wp-json\/wp\/v2\/pages"}],"about":[{"href":"https:\/\/cyrillegirard.com\/fr\/wp-json\/wp\/v2\/types\/page"}],"author":[{"embeddable":true,"href":"https:\/\/cyrillegirard.com\/fr\/wp-json\/wp\/v2\/users\/1"}],"replies":[{"embeddable":true,"href":"https:\/\/cyrillegirard.com\/fr\/wp-json\/wp\/v2\/comments?post=20"}],"version-history":[{"count":3,"href":"https:\/\/cyrillegirard.com\/fr\/wp-json\/wp\/v2\/pages\/20\/revisions"}],"predecessor-version":[{"id":59,"href":"https:\/\/cyrillegirard.com\/fr\/wp-json\/wp\/v2\/pages\/20\/revisions\/59"}],"wp:attachment":[{"href":"https:\/\/cyrillegirard.com\/fr\/wp-json\/wp\/v2\/media?parent=20"}],"curies":[{"name":"wp","href":"https:\/\/api.w.org\/{rel}","templated":true}]}}