{"id":24,"date":"2018-05-20T02:01:26","date_gmt":"2018-05-20T02:01:26","guid":{"rendered":"http:\/\/cyrillegirard.com\/en\/?page_id=24"},"modified":"2026-02-07T19:53:16","modified_gmt":"2026-02-07T19:53:16","slug":"le-sir-george-simpson","status":"publish","type":"page","link":"https:\/\/cyrillegirard.com\/fr\/projets\/le-sir-george-simpson\/","title":{"rendered":"Projets &#8211; Le Sir George Simpson"},"content":{"rendered":"<p>Le Sir George Simpson, c\u2019est 31 unit\u00e9s de grand luxe r\u00e9parties dans un \u00e9l\u00e9gant immeuble de 12 \u00e9tages. Depuis son \u00e9rection en 2010, il est synonyme de premi\u00e8re classe et redonne au Mille carr\u00e9 dor\u00e9 toutes ses lettres de noblesse.<\/p>","protected":false},"excerpt":{"rendered":"<p>Le Sir George Simpson, c\u2019est 31 unit\u00e9s de grand luxe r\u00e9parties dans un \u00e9l\u00e9gant immeuble de 12 \u00e9tages. Depuis son \u00e9rection en 2010, il est synonyme de premi\u00e8re classe et redonne au Mille carr\u00e9 dor\u00e9 toutes ses lettres de noblesse.<\/p>\n","protected":false},"author":1,"featured_media":0,"parent":33,"menu_order":0,"comment_status":"closed","ping_status":"closed","template":"le_sir_george_simpson.php","meta":{"footnotes":""},"class_list":["post-24","page","type-page","status-publish","hentry"],"yoast_head":"<!-- This site is optimized with the Yoast SEO plugin v26.9 - https:\/\/yoast.com\/product\/yoast-seo-wordpress\/ -->\n<title>Projets - Le Sir George Simpson - Cyrille Girard<\/title>\n<meta name=\"robots\" content=\"index, follow, max-snippet:-1, max-image-preview:large, max-video-preview:-1\" \/>\n<link rel=\"canonical\" href=\"http:\/\/cyrillegirard.com\/fr\/projects\/le-sir-george-simpson\/\" \/>\n<meta property=\"og:locale\" content=\"fr_FR\" \/>\n<meta property=\"og:type\" content=\"article\" \/>\n<meta property=\"og:title\" content=\"Projets - Le Sir George Simpson - Cyrille Girard\" \/>\n<meta property=\"og:description\" content=\"Le Sir George Simpson, c\u2019est 31 unit\u00e9s de grand luxe r\u00e9parties dans un \u00e9l\u00e9gant immeuble de 12 \u00e9tages. Depuis son \u00e9rection en 2010, il est synonyme de premi\u00e8re classe et redonne au Mille carr\u00e9 dor\u00e9 toutes ses lettres de noblesse.\" \/>\n<meta property=\"og:url\" content=\"http:\/\/cyrillegirard.com\/fr\/projects\/le-sir-george-simpson\/\" \/>\n<meta property=\"og:site_name\" content=\"Cyrille Girard\" \/>\n<meta property=\"article:modified_time\" content=\"2026-02-07T19:53:16+00:00\" \/>\n<meta name=\"twitter:card\" content=\"summary_large_image\" \/>\n<meta name=\"twitter:label1\" content=\"Dur\u00e9e de lecture estim\u00e9e\" \/>\n\t<meta name=\"twitter:data1\" content=\"1 minute\" \/>\n<script type=\"application\/ld+json\" class=\"yoast-schema-graph\">{\"@context\":\"https:\/\/schema.org\",\"@graph\":[{\"@type\":\"WebPage\",\"@id\":\"http:\/\/cyrillegirard.com\/fr\/projects\/le-sir-george-simpson\/\",\"url\":\"http:\/\/cyrillegirard.com\/fr\/projects\/le-sir-george-simpson\/\",\"name\":\"Projets - Le Sir George Simpson - Cyrille Girard\",\"isPartOf\":{\"@id\":\"https:\/\/cyrillegirard.com\/fr\/#website\"},\"datePublished\":\"2018-05-20T02:01:26+00:00\",\"dateModified\":\"2026-02-07T19:53:16+00:00\",\"breadcrumb\":{\"@id\":\"http:\/\/cyrillegirard.com\/fr\/projects\/le-sir-george-simpson\/#breadcrumb\"},\"inLanguage\":\"fr-FR\",\"potentialAction\":[{\"@type\":\"ReadAction\",\"target\":[[\"http:\/\/cyrillegirard.com\/fr\/projects\/le-sir-george-simpson\/\"]]}]},{\"@type\":\"BreadcrumbList\",\"@id\":\"http:\/\/cyrillegirard.com\/fr\/projects\/le-sir-george-simpson\/#breadcrumb\",\"itemListElement\":[{\"@type\":\"ListItem\",\"position\":1,\"name\":\"Home\",\"item\":\"https:\/\/cyrillegirard.com\/fr\/\"},{\"@type\":\"ListItem\",\"position\":2,\"name\":\"Projects\",\"item\":\"http:\/\/cyrillegirard.com\/fr\/projects\/\"},{\"@type\":\"ListItem\",\"position\":3,\"name\":\"Projects &#8211; Le Sir George Simpson\"}]},{\"@type\":\"WebSite\",\"@id\":\"https:\/\/cyrillegirard.com\/fr\/#website\",\"url\":\"https:\/\/cyrillegirard.com\/fr\/\",\"name\":\"Cyrille Girard\",\"description\":\"\",\"potentialAction\":[{\"@type\":\"SearchAction\",\"target\":{\"@type\":\"EntryPoint\",\"urlTemplate\":\"https:\/\/cyrillegirard.com\/fr\/?s={search_term_string}\"},\"query-input\":{\"@type\":\"PropertyValueSpecification\",\"valueRequired\":true,\"valueName\":\"search_term_string\"}}],\"inLanguage\":\"fr-FR\"}]}<\/script>\n<!-- \/ Yoast SEO plugin. -->","yoast_head_json":{"title":"Projets - Le Sir George Simpson - Cyrille Girard","robots":{"index":"index","follow":"follow","max-snippet":"max-snippet:-1","max-image-preview":"max-image-preview:large","max-video-preview":"max-video-preview:-1"},"canonical":"http:\/\/cyrillegirard.com\/fr\/projects\/le-sir-george-simpson\/","og_locale":"fr_FR","og_type":"article","og_title":"Projets - Le Sir George Simpson - Cyrille Girard","og_description":"Le Sir George Simpson, c\u2019est 31 unit\u00e9s de grand luxe r\u00e9parties dans un \u00e9l\u00e9gant immeuble de 12 \u00e9tages. Depuis son \u00e9rection en 2010, il est synonyme de premi\u00e8re classe et redonne au Mille carr\u00e9 dor\u00e9 toutes ses lettres de noblesse.","og_url":"http:\/\/cyrillegirard.com\/fr\/projects\/le-sir-george-simpson\/","og_site_name":"Cyrille Girard","article_modified_time":"2026-02-07T19:53:16+00:00","twitter_card":"summary_large_image","twitter_misc":{"Dur\u00e9e de lecture estim\u00e9e":"1 minute"},"schema":{"@context":"https:\/\/schema.org","@graph":[{"@type":"WebPage","@id":"http:\/\/cyrillegirard.com\/fr\/projects\/le-sir-george-simpson\/","url":"http:\/\/cyrillegirard.com\/fr\/projects\/le-sir-george-simpson\/","name":"Projets - Le Sir George Simpson - Cyrille Girard","isPartOf":{"@id":"https:\/\/cyrillegirard.com\/fr\/#website"},"datePublished":"2018-05-20T02:01:26+00:00","dateModified":"2026-02-07T19:53:16+00:00","breadcrumb":{"@id":"http:\/\/cyrillegirard.com\/fr\/projects\/le-sir-george-simpson\/#breadcrumb"},"inLanguage":"fr-FR","potentialAction":[{"@type":"ReadAction","target":[["http:\/\/cyrillegirard.com\/fr\/projects\/le-sir-george-simpson\/"]]}]},{"@type":"BreadcrumbList","@id":"http:\/\/cyrillegirard.com\/fr\/projects\/le-sir-george-simpson\/#breadcrumb","itemListElement":[{"@type":"ListItem","position":1,"name":"Home","item":"https:\/\/cyrillegirard.com\/fr\/"},{"@type":"ListItem","position":2,"name":"Projects","item":"http:\/\/cyrillegirard.com\/fr\/projects\/"},{"@type":"ListItem","position":3,"name":"Projects &#8211; Le Sir George Simpson"}]},{"@type":"WebSite","@id":"https:\/\/cyrillegirard.com\/fr\/#website","url":"https:\/\/cyrillegirard.com\/fr\/","name":"Cyrille Girard","description":"","potentialAction":[{"@type":"SearchAction","target":{"@type":"EntryPoint","urlTemplate":"https:\/\/cyrillegirard.com\/fr\/?s={search_term_string}"},"query-input":{"@type":"PropertyValueSpecification","valueRequired":true,"valueName":"search_term_string"}}],"inLanguage":"fr-FR"}]}},"_links":{"self":[{"href":"https:\/\/cyrillegirard.com\/fr\/wp-json\/wp\/v2\/pages\/24","targetHints":{"allow":["GET"]}}],"collection":[{"href":"https:\/\/cyrillegirard.com\/fr\/wp-json\/wp\/v2\/pages"}],"about":[{"href":"https:\/\/cyrillegirard.com\/fr\/wp-json\/wp\/v2\/types\/page"}],"author":[{"embeddable":true,"href":"https:\/\/cyrillegirard.com\/fr\/wp-json\/wp\/v2\/users\/1"}],"replies":[{"embeddable":true,"href":"https:\/\/cyrillegirard.com\/fr\/wp-json\/wp\/v2\/comments?post=24"}],"version-history":[{"count":3,"href":"https:\/\/cyrillegirard.com\/fr\/wp-json\/wp\/v2\/pages\/24\/revisions"}],"predecessor-version":[{"id":65,"href":"https:\/\/cyrillegirard.com\/fr\/wp-json\/wp\/v2\/pages\/24\/revisions\/65"}],"up":[{"embeddable":true,"href":"https:\/\/cyrillegirard.com\/fr\/wp-json\/wp\/v2\/pages\/33"}],"wp:attachment":[{"href":"https:\/\/cyrillegirard.com\/fr\/wp-json\/wp\/v2\/media?parent=24"}],"curies":[{"name":"wp","href":"https:\/\/api.w.org\/{rel}","templated":true}]}}